{"id":2520,"date":"2023-12-06T13:13:04","date_gmt":"2023-12-06T13:13:04","guid":{"rendered":"https:\/\/test.artbarajans.com\/ottoman1860\/hikayemiz\/"},"modified":"2025-10-06T13:36:34","modified_gmt":"2025-10-06T13:36:34","slug":"hikayemiz","status":"publish","type":"page","link":"https:\/\/ottoman1860.com\/tr\/hikayemiz\/","title":{"rendered":"Hikayemiz"},"content":{"rendered":"\t\t<div data-elementor-type=\"wp-page\" data-elementor-id=\"2520\" class=\"elementor elementor-2520 elementor-46\" data-elementor-post-type=\"page\">\n\t\t\t\t\t\t<section class=\"elementor-section elementor-top-section elementor-element elementor-element-1bc9f2c6 elementor-section-stretched elementor-section-boxed elementor-section-height-default elementor-section-height-default\" data-id=\"1bc9f2c6\" data-element_type=\"section\" data-settings=\"{&quot;background_background&quot;:&quot;classic&quot;,&quot;stretch_section&quot;:&quot;section-stretched&quot;}\">\n\t\t\t\t\t\t\t<div class=\"elementor-background-overlay\"><\/div>\n\t\t\t\t\t\t\t<div class=\"elementor-container elementor-column-gap-default\">\n\t\t\t\t\t<div class=\"elementor-column elementor-col-100 elementor-top-column elementor-element elementor-element-47ec4018\" data-id=\"47ec4018\" data-element_type=\"column\">\n\t\t\t<div class=\"elementor-widget-wrap elementor-element-populated\">\n\t\t\t\t\t\t\t<\/div>\n\t\t<\/div>\n\t\t\t\t\t<\/div>\n\t\t<\/section>\n\t\t\t\t<section class=\"elementor-section elementor-top-section elementor-element elementor-element-6f776aee elementor-section-boxed elementor-section-height-default elementor-section-height-default\" data-id=\"6f776aee\" data-element_type=\"section\">\n\t\t\t\t\t\t<div class=\"elementor-container elementor-column-gap-default\">\n\t\t\t\t\t<div class=\"elementor-column elementor-col-50 elementor-top-column elementor-element elementor-element-6bef5b75\" data-id=\"6bef5b75\" data-element_type=\"column\">\n\t\t\t<div class=\"elementor-widget-wrap elementor-element-populated\">\n\t\t\t\t\t\t<div class=\"elementor-element elementor-element-7d84c9b de_scroll_animation_no elementor-widget elementor-widget-heading\" data-id=\"7d84c9b\" data-element_type=\"widget\" data-widget_type=\"heading.default\">\n\t\t\t\t<div class=\"elementor-widget-container\">\n\t\t\t\t\t<h5 class=\"elementor-heading-title elementor-size-default\">H\u0130KAYEM\u0130Z<\/h5>\t\t\t\t<\/div>\n\t\t\t\t<\/div>\n\t\t\t\t<div class=\"elementor-element elementor-element-355c3927 de_scroll_animation_no elementor-widget elementor-widget-image\" data-id=\"355c3927\" data-element_type=\"widget\" data-widget_type=\"image.default\">\n\t\t\t\t<div class=\"elementor-widget-container\">\n\t\t\t\t\t\t\t\t\t\t\t\t\t\t\t<img fetchpriority=\"high\" decoding=\"async\" width=\"1920\" height=\"1372\" src=\"https:\/\/ottoman1860.com\/wp-content\/uploads\/AKKENT-CGR01996-1-scaled.webp\" class=\"attachment-full size-full wp-image-1449\" alt=\"\" srcset=\"https:\/\/ottoman1860.com\/wp-content\/uploads\/AKKENT-CGR01996-1-scaled.webp 1920w, https:\/\/ottoman1860.com\/wp-content\/uploads\/AKKENT-CGR01996-1-300x214.webp 300w, https:\/\/ottoman1860.com\/wp-content\/uploads\/AKKENT-CGR01996-1-1024x731.webp 1024w, https:\/\/ottoman1860.com\/wp-content\/uploads\/AKKENT-CGR01996-1-768x549.webp 768w\" sizes=\"(max-width: 1920px) 100vw, 1920px\" \/>\t\t\t\t\t\t\t\t\t\t\t\t\t\t\t<\/div>\n\t\t\t\t<\/div>\n\t\t\t\t<section class=\"elementor-section elementor-inner-section elementor-element elementor-element-479ee9d elementor-section-content-middle elementor-section-boxed elementor-section-height-default elementor-section-height-default\" data-id=\"479ee9d\" data-element_type=\"section\">\n\t\t\t\t\t\t<div class=\"elementor-container elementor-column-gap-no\">\n\t\t\t\t\t<div class=\"elementor-column elementor-col-50 elementor-inner-column elementor-element elementor-element-5027eaff\" data-id=\"5027eaff\" data-element_type=\"column\">\n\t\t\t<div class=\"elementor-widget-wrap elementor-element-populated\">\n\t\t\t\t\t\t<div class=\"elementor-element elementor-element-5b4ac6ec de_scroll_animation_no elementor-widget elementor-widget-elementskit-funfact\" data-id=\"5b4ac6ec\" data-element_type=\"widget\" data-widget_type=\"elementskit-funfact.default\">\n\t\t\t\t<div class=\"elementor-widget-container\">\n\t\t\t\t\t<div class=\"ekit-wid-con\" >\n\t\t<div class=\"elementskit-funfact text-center     \">\n\t\t\t\n\t\t\t<div class=\"elementskit-funfact-inner \">\n\t\t\t\t\t\t\t\t\n\t\t\t\t<div class=\"funfact-content\">\n\t\t\t\t\t<div class=\"number-percentage-wraper\">\n\t\t\t\t\t\t\t\t\t\t\t\t<span class=\"number-percentage\"\n\t\t\t\t\t\t      data-value=\"165\"\n\t\t\t\t\t\t      data-animation-duration=\"3500\"\n\t\t\t\t\t\t\t  data-style=\"static\">0<\/span>\n\t\t\t\t\t\t\t\t\t\t\t\t\t\t\t\t\t\t\t<span class=\"super\"><\/span>\n\t\t\t\t\t\t\t\t\t\t\t<\/div>\n\n\t\t\t\t\t<h3 class=\"funfact-title\">YILLIK H\u0130KAYE<\/h3>\t\t\t\t\t\t\t\t<\/div>\n\t\t<\/div>\n\t\t<\/div>\n\n\n\t\t<\/div>\t\t\t\t<\/div>\n\t\t\t\t<\/div>\n\t\t\t\t\t<\/div>\n\t\t<\/div>\n\t\t\t\t<div class=\"elementor-column elementor-col-50 elementor-inner-column elementor-element elementor-element-53626e2f\" data-id=\"53626e2f\" data-element_type=\"column\">\n\t\t\t<div class=\"elementor-widget-wrap elementor-element-populated\">\n\t\t\t\t\t\t<div class=\"elementor-element elementor-element-d7f3c49 elementor-widget__width-initial de_scroll_animation_no elementor-widget elementor-widget-text-editor\" data-id=\"d7f3c49\" data-element_type=\"widget\" data-widget_type=\"text-editor.default\">\n\t\t\t\t<div class=\"elementor-widget-container\">\n\t\t\t\t\t\t\t\t\t<p id=\"tw-target-text\" class=\"tw-data-text tw-text-large tw-ta\" dir=\"ltr\" data-placeholder=\"\u00c7eviri\" data-ved=\"2ahUKEwi76L_ZuvqKAxU-RfEDHdbbFKAQ3ewLegQIChAV\" aria-label=\"\u00c7evrilmi\u015f metin: In addition to supplying many tourist hotels and stores, nut chain brands and national markets in Turkey, it exports its products to 16 countries.\">Afyonkarahisar\u2019daki tesisimizde ger\u00e7ekle\u015ftirilen \u00fcretim sonucu elde edilen \u00fcr\u00fcnlerimizi Ottoman 1860 Taksim ve Ottoman1860 Maskat ma\u011fazalar\u0131m\u0131zda siz de\u011ferli m\u00fc\u015fterilerimizle bulu\u015fturuyoruz. Osmanl\u0131\u2019dan g\u00fcn\u00fcm\u00fcze uzanan e\u015fsiz lokum lezzetimizi uluslararas\u0131 franchise a\u011f\u0131m\u0131zla k\u00fcresel bir marka haline getirmeyi hedefliyoruz. <\/p>\t\t\t\t\t\t\t\t<\/div>\n\t\t\t\t<\/div>\n\t\t\t\t\t<\/div>\n\t\t<\/div>\n\t\t\t\t\t<\/div>\n\t\t<\/section>\n\t\t\t\t\t<\/div>\n\t\t<\/div>\n\t\t\t\t<div class=\"elementor-column elementor-col-50 elementor-top-column elementor-element elementor-element-7c99845d\" data-id=\"7c99845d\" data-element_type=\"column\">\n\t\t\t<div class=\"elementor-widget-wrap elementor-element-populated\">\n\t\t\t\t\t\t<div class=\"elementor-element elementor-element-1610c51a de_scroll_animation_no elementor-widget elementor-widget-text-editor\" data-id=\"1610c51a\" data-element_type=\"widget\" data-widget_type=\"text-editor.default\">\n\t\t\t\t<div class=\"elementor-widget-container\">\n\t\t\t\t\t\t\t\t\t<p>\u00dczerindeki ya\u015fam izleri 300.000 y\u0131l \u00f6ncesine dayanan d\u00fcnyan\u0131n en eski \u015fehirlerinden \u0130stanbul\u2019a en \u015fanl\u0131 zamanlar\u0131n\u0131 ya\u015fatan bir imparatorluktan gelen markam\u0131zla gurur duyuyoruz. Aile i\u015finden gelen deneyimimizi bu paha bi\u00e7ilemez markaya lay\u0131k olmak i\u00e7in kullan\u0131yor; y\u00fcksek kalite ve e\u015fsiz lezzet gibi olmazsa olmazlar\u0131m\u0131z\u0131n yan\u0131nda daima yenilik\u00e7i yakla\u015f\u0131mlar\u0131 da deniyoruz. <br>165 y\u0131l \u00f6nce helva \u00fcretimiyle ba\u015flayan hikayemiz, bug\u00fcn g\u00f6rev ba\u015f\u0131ndaki d\u00f6rd\u00fcnc\u00fc nesille ayn\u0131 kalite ve geleneksel standartlar\u0131 koruyarak 500 den fazla lokum \u00e7e\u015fidimizle devam ediyor. \u00dcretimde katk\u0131 maddesi ve koruyucu i\u00e7ermeyen lokumlar\u0131m\u0131zda %100 pancar \u015fekeri, yerel ve mevsiminde temin edilen kuruyemi\u015fler, do\u011fal renklendiriciler ve aromalar kullan\u0131yoruz. <br><br>  <\/p>\t\t\t\t\t\t\t\t<\/div>\n\t\t\t\t<\/div>\n\t\t\t\t<div class=\"elementor-element elementor-element-c6caa6a de_scroll_animation_no elementor-invisible elementor-widget elementor-widget-image\" data-id=\"c6caa6a\" data-element_type=\"widget\" data-settings=\"{&quot;_animation&quot;:&quot;fadeInRight&quot;}\" data-widget_type=\"image.default\">\n\t\t\t\t<div class=\"elementor-widget-container\">\n\t\t\t\t\t\t\t\t\t\t\t\t\t\t\t<img decoding=\"async\" width=\"800\" height=\"571\" src=\"https:\/\/ottoman1860.com\/wp-content\/uploads\/AKKENT-CGR01996-1-1-1024x731.webp\" class=\"attachment-large size-large wp-image-1451\" alt=\"\" srcset=\"https:\/\/ottoman1860.com\/wp-content\/uploads\/AKKENT-CGR01996-1-1-1024x731.webp 1024w, https:\/\/ottoman1860.com\/wp-content\/uploads\/AKKENT-CGR01996-1-1-300x214.webp 300w, https:\/\/ottoman1860.com\/wp-content\/uploads\/AKKENT-CGR01996-1-1-768x549.webp 768w, https:\/\/ottoman1860.com\/wp-content\/uploads\/AKKENT-CGR01996-1-1-scaled.webp 1920w\" sizes=\"(max-width: 800px) 100vw, 800px\" \/>\t\t\t\t\t\t\t\t\t\t\t\t\t\t\t<\/div>\n\t\t\t\t<\/div>\n\t\t\t\t\t<\/div>\n\t\t<\/div>\n\t\t\t\t\t<\/div>\n\t\t<\/section>\n\t\t<div class=\"elementor-element elementor-element-e00a912 e-flex e-con-boxed e-con e-parent\" data-id=\"e00a912\" data-element_type=\"container\">\n\t\t\t\t\t<div class=\"e-con-inner\">\n\t\t\t\t<div class=\"elementor-element elementor-element-d290483 de_scroll_animation_no elementor-widget elementor-widget-elementskit-image-comparison\" data-id=\"d290483\" data-element_type=\"widget\" data-widget_type=\"elementskit-image-comparison.default\">\n\t\t\t\t<div class=\"elementor-widget-container\">\n\t\t\t\t\t<div class=\"ekit-wid-con\" >\n\t\t<div class=\"elementskit-image-comparison image-comparison-container\" data-offset=\"0.52\" data-overlay=\"\" data-label_after=\"Sonra\" data-label_before=\"Once\" data-move_slider_on_hover=\"\" data-click_to_move=\"\">\n\t\t\t<img decoding=\"async\" src=\"https:\/\/ottoman1860.com\/wp-content\/uploads\/GRI-YESIL-KUTU-NUGA-ACIK-KUTU-KAPAKLI-3-1-scaled.webp\" title=\"GRI\u0307 YES\u0327I\u0307L KUTU NUGA (AC\u0327IK KUTU KAPAKLI) (3) (1)\" alt=\"GRI\u0307 YES\u0327I\u0307L KUTU NUGA (AC\u0327IK KUTU KAPAKLI) (3) (1)\" loading=\"lazy\" \/><img decoding=\"async\" src=\"https:\/\/ottoman1860.com\/wp-content\/uploads\/GRI-YESIL-KUTU-NUGA-ACIK-KUTU-KAPAKLI-3-scaled.webp\" title=\"GRI\u0307 YES\u0327I\u0307L KUTU NUGA (AC\u0327IK KUTU KAPAKLI) (3)\" alt=\"GRI\u0307 YES\u0327I\u0307L KUTU NUGA (AC\u0327IK KUTU KAPAKLI) (3)\" loading=\"lazy\" \/>\t\t<\/div>\n\n\t<\/div>\t\t\t\t<\/div>\n\t\t\t\t<\/div>\n\t\t\t\t\t<\/div>\n\t\t\t\t<\/div>\n\t\t\t\t<\/div>\n\t\t","protected":false},"excerpt":{"rendered":"<p>H\u0130KAYEM\u0130Z 0 YILLIK H\u0130KAYE Afyonkarahisar\u2019daki tesisimizde ger\u00e7ekle\u015ftirilen \u00fcretim sonucu elde edilen \u00fcr\u00fcnlerimizi Ottoman 1860 Taksim ve Ottoman1860 Maskat ma\u011fazalar\u0131m\u0131zda siz de\u011ferli m\u00fc\u015fterilerimizle bulu\u015fturuyoruz. Osmanl\u0131\u2019dan g\u00fcn\u00fcm\u00fcze uzanan e\u015fsiz lokum lezzetimizi uluslararas\u0131 franchise a\u011f\u0131m\u0131zla k\u00fcresel bir marka haline getirmeyi hedefliyoruz. \u00dczerindeki ya\u015fam izleri 300.000 y\u0131l \u00f6ncesine dayanan d\u00fcnyan\u0131n en eski \u015fehirlerinden \u0130stanbul\u2019a en \u015fanl\u0131 zamanlar\u0131n\u0131 ya\u015fatan bir [&hellip;]<\/p>\n","protected":false},"author":1,"featured_media":0,"parent":0,"menu_order":0,"comment_status":"closed","ping_status":"closed","template":"","meta":{"_acf_changed":false,"footnotes":""},"class_list":["post-2520","page","type-page","status-publish","hentry"],"acf":[],"_links":{"self":[{"href":"https:\/\/ottoman1860.com\/tr\/wp-json\/wp\/v2\/pages\/2520","targetHints":{"allow":["GET"]}}],"collection":[{"href":"https:\/\/ottoman1860.com\/tr\/wp-json\/wp\/v2\/pages"}],"about":[{"href":"https:\/\/ottoman1860.com\/tr\/wp-json\/wp\/v2\/types\/page"}],"author":[{"embeddable":true,"href":"https:\/\/ottoman1860.com\/tr\/wp-json\/wp\/v2\/users\/1"}],"replies":[{"embeddable":true,"href":"https:\/\/ottoman1860.com\/tr\/wp-json\/wp\/v2\/comments?post=2520"}],"version-history":[{"count":13,"href":"https:\/\/ottoman1860.com\/tr\/wp-json\/wp\/v2\/pages\/2520\/revisions"}],"predecessor-version":[{"id":2711,"href":"https:\/\/ottoman1860.com\/tr\/wp-json\/wp\/v2\/pages\/2520\/revisions\/2711"}],"wp:attachment":[{"href":"https:\/\/ottoman1860.com\/tr\/wp-json\/wp\/v2\/media?parent=2520"}],"curies":[{"name":"wp","href":"https:\/\/api.w.org\/{rel}","templated":true}]}}